{"id":10,"date":"2025-11-28T12:43:17","date_gmt":"2025-11-28T12:43:17","guid":{"rendered":"https:\/\/corinnediet.fr\/?page_id=10"},"modified":"2026-02-25T14:44:46","modified_gmt":"2026-02-25T14:44:46","slug":"accueil","status":"publish","type":"page","link":"https:\/\/corinnediet.fr\/","title":{"rendered":"Accueil"},"content":{"rendered":"\t\t<div data-elementor-type=\"wp-page\" data-elementor-id=\"10\" class=\"elementor elementor-10\">\n\t\t\t\t<div class=\"elementor-element elementor-element-ec4fcde e-con-full elementor-hidden-desktop elementor-hidden-tablet e-flex e-con e-parent\" data-id=\"ec4fcde\" data-element_type=\"container\" data-e-type=\"container\">\n\t\t\t\t<div class=\"elementor-element elementor-element-ca6d37b elementor-widget elementor-widget-image\" data-id=\"ca6d37b\" data-element_type=\"widget\" data-e-type=\"widget\" data-widget_type=\"image.default\">\n\t\t\t\t\t\t\t\t\t\t\t\t\t\t\t<img fetchpriority=\"high\" decoding=\"async\" width=\"768\" height=\"1024\" src=\"https:\/\/corinnediet.fr\/wp-content\/uploads\/2025\/12\/20251018_102011-768x1024.jpg\" class=\"attachment-medium_large size-medium_large wp-image-43\" alt=\"Di\u00e9t\u00e9ticienne Nutritionniste sp\u00e9cialis\u00e9e en sant\u00e9 f\u00e9minine corinnediet\" srcset=\"https:\/\/corinnediet.fr\/wp-content\/uploads\/2025\/12\/20251018_102011-768x1024.jpg 768w, https:\/\/corinnediet.fr\/wp-content\/uploads\/2025\/12\/20251018_102011-225x300.jpg 225w, https:\/\/corinnediet.fr\/wp-content\/uploads\/2025\/12\/20251018_102011-1152x1536.jpg 1152w, https:\/\/corinnediet.fr\/wp-content\/uploads\/2025\/12\/20251018_102011-1536x2048.jpg 1536w, https:\/\/corinnediet.fr\/wp-content\/uploads\/2025\/12\/20251018_102011-scaled.jpg 1920w\" sizes=\"(max-width: 768px) 100vw, 768px\" \/>\t\t\t\t\t\t\t\t\t\t\t\t\t\t\t<\/div>\n\t\t\t\t<div class=\"elementor-element elementor-element-da6fa7a elementor-widget-mobile__width-initial elementor-widget elementor-widget-heading\" data-id=\"da6fa7a\" data-element_type=\"widget\" data-e-type=\"widget\" data-widget_type=\"heading.default\">\n\t\t\t\t\t<h1 class=\"elementor-heading-title elementor-size-default\">CONSTRUISONS ENSEMBLE  <br>       \n\nUNE ALIMENTATION QUI VOUS RESSEMBLE<\/h1>\t\t\t\t<\/div>\n\t\t\t\t<\/div>\n\t\t<div class=\"elementor-element elementor-element-5b16dae elementor-hidden-mobile e-flex e-con-boxed e-con e-parent\" data-id=\"5b16dae\" data-element_type=\"container\" data-e-type=\"container\" data-settings=\"{&quot;background_background&quot;:&quot;video&quot;,&quot;background_video_link&quot;:&quot;https:\\\/\\\/corinnediet.fr\\\/wp-content\\\/uploads\\\/2025\\\/12\\\/Construisons-ensemble-une-alimentation-qui-vous-ressemble-1.mp4&quot;}\">\n\t\t\t\t\t<div class=\"e-con-inner\">\n\t\t<div class=\"elementor-background-video-container elementor-hidden-mobile\">\n\t\t\t\t\t\t\t<video class=\"elementor-background-video-hosted\" role=\"presentation\" autoplay muted playsinline loop><\/video>\n\t\t\t\t\t<\/div>\t\t<div class=\"elementor-element elementor-element-5bd300d elementor-widget__width-inherit elementor-widget elementor-widget-text-editor\" data-id=\"5bd300d\" data-element_type=\"widget\" data-e-type=\"widget\" data-widget_type=\"text-editor.default\">\n\t\t\t\t\t\t\t\t\t<h2><strong>Construisons ensemble<\/strong><\/h2><h2><strong>Une alimentations qui vous ressemble\u00a0<\/strong><\/h2>\t\t\t\t\t\t\t\t<\/div>\n\t\t\t\t\t<\/div>\n\t\t\t\t<\/div>\n\t\t<div class=\"elementor-element elementor-element-31317c0 e-flex e-con-boxed e-con e-parent\" data-id=\"31317c0\" data-element_type=\"container\" data-e-type=\"container\">\n\t\t\t\t\t<div class=\"e-con-inner\">\n\t\t<div class=\"elementor-element elementor-element-089b969 e-con-full elementor-hidden-mobile e-flex e-con e-child\" data-id=\"089b969\" data-element_type=\"container\" data-e-type=\"container\">\n\t\t\t\t<div class=\"elementor-element elementor-element-926f730 elementor-widget__width-initial elementor-widget elementor-widget-image\" data-id=\"926f730\" data-element_type=\"widget\" data-e-type=\"widget\" data-widget_type=\"image.default\">\n\t\t\t\t\t\t\t\t\t\t\t\t\t\t\t<img decoding=\"async\" width=\"768\" height=\"1024\" src=\"https:\/\/corinnediet.fr\/wp-content\/uploads\/2025\/12\/20251018_102011-768x1024.jpg\" class=\"attachment-large size-large wp-image-43\" alt=\"Di\u00e9t\u00e9ticienne Nutritionniste sp\u00e9cialis\u00e9e en sant\u00e9 f\u00e9minine corinnediet\" srcset=\"https:\/\/corinnediet.fr\/wp-content\/uploads\/2025\/12\/20251018_102011-768x1024.jpg 768w, https:\/\/corinnediet.fr\/wp-content\/uploads\/2025\/12\/20251018_102011-225x300.jpg 225w, https:\/\/corinnediet.fr\/wp-content\/uploads\/2025\/12\/20251018_102011-1152x1536.jpg 1152w, https:\/\/corinnediet.fr\/wp-content\/uploads\/2025\/12\/20251018_102011-1536x2048.jpg 1536w, https:\/\/corinnediet.fr\/wp-content\/uploads\/2025\/12\/20251018_102011-scaled.jpg 1920w\" sizes=\"(max-width: 768px) 100vw, 768px\" \/>\t\t\t\t\t\t\t\t\t\t\t\t\t\t\t<\/div>\n\t\t\t\t<\/div>\n\t\t<div class=\"elementor-element elementor-element-75b8d29 e-con-full e-flex e-con e-child\" data-id=\"75b8d29\" data-element_type=\"container\" data-e-type=\"container\">\n\t\t\t\t<div class=\"elementor-element elementor-element-6824c58 elementor-widget elementor-widget-heading\" data-id=\"6824c58\" data-element_type=\"widget\" data-e-type=\"widget\" data-widget_type=\"heading.default\">\n\t\t\t\t\t<h3 class=\"elementor-heading-title elementor-size-default\">Corinne VIROT - Di\u00e9t\u00e9ticienne Nutritionniste<\/h3>\t\t\t\t<\/div>\n\t\t\t\t<div class=\"elementor-element elementor-element-ddc1c03 elementor-widget elementor-widget-text-editor\" data-id=\"ddc1c03\" data-element_type=\"widget\" data-e-type=\"widget\" data-widget_type=\"text-editor.default\">\n\t\t\t\t\t\t\t\t\t<p>Passionn\u00e9e par la cuisine depuis toujours, je me suis progressivement int\u00e9ress\u00e9e \u00e0 l\u2019aspect sant\u00e9 de ce que nous mettons dans nos assiettes. Ce sujet vaste et passionnant m\u2019a conduite, suite \u00e0 une reconversion professionnelle, \u00e0 en faire mon m\u00e9tier.<\/p>\n<p>Aujourd\u2019hui, Di\u00e9t\u00e9ticienne-Nutritionniste dipl\u00f4m\u00e9e install\u00e9e \u00e0 Germigny-l\u2019Ev\u00eaque et \u00e0 Le Pin en Seine-et-Marne, je me suis sp\u00e9cialis\u00e9e en&nbsp;<strong>sant\u00e9 f\u00e9minine<\/strong>. J\u2019accompagne les femmes \u00e0 chaque \u00e9tape de leur vie, en particulier pour des probl\u00e9matiques li\u00e9es \u00e0 la&nbsp;<strong>m\u00e9nopause<\/strong>, \u00e0 l\u2019<strong>endom\u00e9triose<\/strong>&nbsp;ou au&nbsp;<strong>SOPK (syndrome des ovaires polykystiques)<\/strong>.<\/p>\n<p>Je prends \u00e9galement en charge d\u2019autres pathologies en adaptant votre alimentation \u00e0 vos besoins sp\u00e9cifiques. Mon approche est personnalis\u00e9e, progressive et bienveillante, pour vous aider \u00e0 retrouver un \u00e9quilibre durable.<\/p>\t\t\t\t\t\t\t\t<\/div>\n\t\t\t\t<div class=\"elementor-element elementor-element-55eade1 elementor-align-center elementor-widget elementor-widget-button\" data-id=\"55eade1\" data-element_type=\"widget\" data-e-type=\"widget\" data-widget_type=\"button.default\">\n\t\t\t\t\t\t\t\t\t\t<a class=\"elementor-button elementor-button-link elementor-size-sm\" href=\"https:\/\/corinnediet.fr\/index.php\/mon-approche\/\">\n\t\t\t\t\t\t<span class=\"elementor-button-content-wrapper\">\n\t\t\t\t\t\t\t\t\t<span class=\"elementor-button-text\">Mon approche<\/span>\n\t\t\t\t\t<\/span>\n\t\t\t\t\t<\/a>\n\t\t\t\t\t\t\t\t<\/div>\n\t\t\t\t<\/div>\n\t\t\t\t\t<\/div>\n\t\t\t\t<\/div>\n\t\t<div class=\"elementor-element elementor-element-10477af e-flex e-con-boxed e-con e-parent\" data-id=\"10477af\" data-element_type=\"container\" data-e-type=\"container\">\n\t\t\t\t\t<div class=\"e-con-inner\">\n\t\t\t\t<div class=\"elementor-element elementor-element-635309d elementor-widget elementor-widget-heading\" data-id=\"635309d\" data-element_type=\"widget\" data-e-type=\"widget\" data-widget_type=\"heading.default\">\n\t\t\t\t\t<h2 class=\"elementor-heading-title elementor-size-default\">Pourquoi consulter ?<\/h2>\t\t\t\t<\/div>\n\t\t\t\t\t<\/div>\n\t\t\t\t<\/div>\n\t\t<div class=\"elementor-element elementor-element-56d7765 e-flex e-con-boxed e-con e-parent\" data-id=\"56d7765\" data-element_type=\"container\" data-e-type=\"container\">\n\t\t\t\t\t<div class=\"e-con-inner\">\n\t\t\t\t<div class=\"elementor-element elementor-element-b60dcb5 elementor-widget elementor-widget-text-editor\" data-id=\"b60dcb5\" data-element_type=\"widget\" data-e-type=\"widget\" data-widget_type=\"text-editor.default\">\n\t\t\t\t\t\t\t\t\t<p>En consultant un di\u00e9t\u00e9ticien, vous vous offrez la possibilit\u00e9 de modifier durablement vos habitudes alimentaires et d&rsquo;adopter les bons r\u00e9flexes pour votre sant\u00e9.<\/p>\t\t\t\t\t\t\t\t<\/div>\n\t\t\t\t\t<\/div>\n\t\t\t\t<\/div>\n\t\t<div class=\"elementor-element elementor-element-8014841 e-flex e-con-boxed e-con e-parent\" data-id=\"8014841\" data-element_type=\"container\" data-e-type=\"container\">\n\t\t\t\t\t<div class=\"e-con-inner\">\n\t\t<div class=\"elementor-element elementor-element-ac1cb37 e-con-full e-flex e-con e-child\" data-id=\"ac1cb37\" data-element_type=\"container\" data-e-type=\"container\">\n\t\t\t\t<div class=\"elementor-element elementor-element-e5e60fa elementor-widget__width-initial elementor-widget elementor-widget-image\" data-id=\"e5e60fa\" data-element_type=\"widget\" data-e-type=\"widget\" data-widget_type=\"image.default\">\n\t\t\t\t\t\t\t\t\t\t\t\t\t\t\t<img decoding=\"async\" width=\"135\" height=\"158\" src=\"https:\/\/corinnediet.fr\/wp-content\/uploads\/2025\/12\/santef-1.jpg\" class=\"attachment-large size-large wp-image-668\" alt=\"Di\u00e9t\u00e9ticienne Nutritionniste sp\u00e9cialis\u00e9e en sant\u00e9 f\u00e9minine sante\" \/>\t\t\t\t\t\t\t\t\t\t\t\t\t\t\t<\/div>\n\t\t\t\t<div class=\"elementor-element elementor-element-107f2f0 elementor-widget elementor-widget-heading\" data-id=\"107f2f0\" data-element_type=\"widget\" data-e-type=\"widget\" data-widget_type=\"heading.default\">\n\t\t\t\t\t<h2 class=\"elementor-heading-title elementor-size-default\">SANTE FEMININE<\/h2>\t\t\t\t<\/div>\n\t\t\t\t<div class=\"elementor-element elementor-element-35f09f4 elementor-widget elementor-widget-text-editor\" data-id=\"35f09f4\" data-element_type=\"widget\" data-e-type=\"widget\" data-widget_type=\"text-editor.default\">\n\t\t\t\t\t\t\t\t\t<p>Prenez soin de vous gr\u00e2ce \u00e0 une nutrition pens\u00e9e pour les besoins des femmes.<\/p>\t\t\t\t\t\t\t\t<\/div>\n\t\t\t\t<\/div>\n\t\t<div class=\"elementor-element elementor-element-733b54b e-con-full e-flex e-con e-child\" data-id=\"733b54b\" data-element_type=\"container\" data-e-type=\"container\">\n\t\t\t\t<div class=\"elementor-element elementor-element-617f5f1 elementor-widget elementor-widget-image\" data-id=\"617f5f1\" data-element_type=\"widget\" data-e-type=\"widget\" data-widget_type=\"image.default\">\n\t\t\t\t\t\t\t\t\t\t\t\t\t\t\t<img loading=\"lazy\" decoding=\"async\" width=\"150\" height=\"150\" src=\"https:\/\/corinnediet.fr\/wp-content\/uploads\/2025\/12\/image-5-150x150.png\" class=\"attachment-thumbnail size-thumbnail wp-image-38\" alt=\"Di\u00e9t\u00e9ticienne Nutritionniste sp\u00e9cialis\u00e9e en sant\u00e9 f\u00e9minine perte de poids\" \/>\t\t\t\t\t\t\t\t\t\t\t\t\t\t\t<\/div>\n\t\t\t\t<div class=\"elementor-element elementor-element-04d1c49 elementor-widget elementor-widget-heading\" data-id=\"04d1c49\" data-element_type=\"widget\" data-e-type=\"widget\" data-widget_type=\"heading.default\">\n\t\t\t\t\t<h2 class=\"elementor-heading-title elementor-size-default\">PERTE DE POIDS<\/h2>\t\t\t\t<\/div>\n\t\t\t\t<div class=\"elementor-element elementor-element-df6e44e elementor-widget elementor-widget-text-editor\" data-id=\"df6e44e\" data-element_type=\"widget\" data-e-type=\"widget\" data-widget_type=\"text-editor.default\">\n\t\t\t\t\t\t\t\t\t<p>Engagez-vous dans une perte de poids progressive et durable.<\/p>\t\t\t\t\t\t\t\t<\/div>\n\t\t\t\t<\/div>\n\t\t<div class=\"elementor-element elementor-element-e927cf7 e-con-full e-flex e-con e-child\" data-id=\"e927cf7\" data-element_type=\"container\" data-e-type=\"container\">\n\t\t\t\t<div class=\"elementor-element elementor-element-2beab5b elementor-widget elementor-widget-image\" data-id=\"2beab5b\" data-element_type=\"widget\" data-e-type=\"widget\" data-widget_type=\"image.default\">\n\t\t\t\t\t\t\t\t\t\t\t\t\t\t\t<img loading=\"lazy\" decoding=\"async\" width=\"150\" height=\"150\" src=\"https:\/\/corinnediet.fr\/wp-content\/uploads\/2025\/12\/image-6-150x150.png\" class=\"attachment-thumbnail size-thumbnail wp-image-39\" alt=\"Di\u00e9t\u00e9ticienne Nutritionniste sp\u00e9cialis\u00e9e en sant\u00e9 f\u00e9minine diabete\" \/>\t\t\t\t\t\t\t\t\t\t\t\t\t\t\t<\/div>\n\t\t\t\t<div class=\"elementor-element elementor-element-a4b9222 elementor-widget elementor-widget-heading\" data-id=\"a4b9222\" data-element_type=\"widget\" data-e-type=\"widget\" data-widget_type=\"heading.default\">\n\t\t\t\t\t<h2 class=\"elementor-heading-title elementor-size-default\">DIABETE<\/h2>\t\t\t\t<\/div>\n\t\t\t\t<div class=\"elementor-element elementor-element-a6748a9 elementor-widget elementor-widget-text-editor\" data-id=\"a6748a9\" data-element_type=\"widget\" data-e-type=\"widget\" data-widget_type=\"text-editor.default\">\n\t\t\t\t\t\t\t\t\t<p>Contr\u00f4lez votre diab\u00e8te gr\u00e2ce \u00e0 une alimentation adapt\u00e9e.<\/p>\t\t\t\t\t\t\t\t<\/div>\n\t\t\t\t<\/div>\n\t\t<div class=\"elementor-element elementor-element-56919f9 e-con-full e-flex e-con e-child\" data-id=\"56919f9\" data-element_type=\"container\" data-e-type=\"container\">\n\t\t\t\t<div class=\"elementor-element elementor-element-59cf093 elementor-widget elementor-widget-image\" data-id=\"59cf093\" data-element_type=\"widget\" data-e-type=\"widget\" data-widget_type=\"image.default\">\n\t\t\t\t\t\t\t\t\t\t\t\t\t\t\t<img loading=\"lazy\" decoding=\"async\" width=\"150\" height=\"150\" src=\"https:\/\/corinnediet.fr\/wp-content\/uploads\/2025\/12\/image-3-150x150.png\" class=\"attachment-thumbnail size-thumbnail wp-image-35\" alt=\"Di\u00e9t\u00e9ticienne Nutritionniste sp\u00e9cialis\u00e9e en sant\u00e9 f\u00e9minine troubles digestifs\" \/>\t\t\t\t\t\t\t\t\t\t\t\t\t\t\t<\/div>\n\t\t\t\t<div class=\"elementor-element elementor-element-d5aaa79 elementor-widget elementor-widget-heading\" data-id=\"d5aaa79\" data-element_type=\"widget\" data-e-type=\"widget\" data-widget_type=\"heading.default\">\n\t\t\t\t\t<h2 class=\"elementor-heading-title elementor-size-default\">TROUBLES DIGESTIFS<\/h2>\t\t\t\t<\/div>\n\t\t\t\t<div class=\"elementor-element elementor-element-de41ed7 elementor-widget elementor-widget-text-editor\" data-id=\"de41ed7\" data-element_type=\"widget\" data-e-type=\"widget\" data-widget_type=\"text-editor.default\">\n\t\t\t\t\t\t\t\t\t<p>Retrouvez confort et l\u00e9g\u00e8ret\u00e9 en comprenant ce qui favorise votre bien-\u00eatre digestif.<\/p>\t\t\t\t\t\t\t\t<\/div>\n\t\t\t\t<\/div>\n\t\t<div class=\"elementor-element elementor-element-2e284d2 e-con-full e-flex e-con e-child\" data-id=\"2e284d2\" data-element_type=\"container\" data-e-type=\"container\">\n\t\t\t\t<div class=\"elementor-element elementor-element-e57edaf elementor-widget elementor-widget-image\" data-id=\"e57edaf\" data-element_type=\"widget\" data-e-type=\"widget\" data-widget_type=\"image.default\">\n\t\t\t\t\t\t\t\t\t\t\t\t\t\t\t<img loading=\"lazy\" decoding=\"async\" width=\"150\" height=\"150\" src=\"https:\/\/corinnediet.fr\/wp-content\/uploads\/2025\/12\/image-2-150x150.png\" class=\"attachment-thumbnail size-thumbnail wp-image-34\" alt=\"Di\u00e9t\u00e9ticienne Nutritionniste sp\u00e9cialis\u00e9e en sant\u00e9 f\u00e9minine \u00e9quilibre alimentaire\" \/>\t\t\t\t\t\t\t\t\t\t\t\t\t\t\t<\/div>\n\t\t\t\t<div class=\"elementor-element elementor-element-cb797aa elementor-widget elementor-widget-heading\" data-id=\"cb797aa\" data-element_type=\"widget\" data-e-type=\"widget\" data-widget_type=\"heading.default\">\n\t\t\t\t\t<h2 class=\"elementor-heading-title elementor-size-default\">EQUILIBRE ALIMENTAIRE<\/h2>\t\t\t\t<\/div>\n\t\t\t\t<div class=\"elementor-element elementor-element-86e7fb0 elementor-widget elementor-widget-text-editor\" data-id=\"86e7fb0\" data-element_type=\"widget\" data-e-type=\"widget\" data-widget_type=\"text-editor.default\">\n\t\t\t\t\t\t\t\t\t<p>Apprenez pourquoi et comment manger pour \u00eatre en bonne sant\u00e9.<\/p>\t\t\t\t\t\t\t\t<\/div>\n\t\t\t\t<\/div>\n\t\t<div class=\"elementor-element elementor-element-88833de e-con-full e-flex e-con e-child\" data-id=\"88833de\" data-element_type=\"container\" data-e-type=\"container\">\n\t\t\t\t<div class=\"elementor-element elementor-element-b01a745 elementor-widget elementor-widget-image\" data-id=\"b01a745\" data-element_type=\"widget\" data-e-type=\"widget\" data-widget_type=\"image.default\">\n\t\t\t\t\t\t\t\t\t\t\t\t\t\t\t<img loading=\"lazy\" decoding=\"async\" width=\"150\" height=\"150\" src=\"https:\/\/corinnediet.fr\/wp-content\/uploads\/2025\/12\/image-1-150x150.png\" class=\"attachment-thumbnail size-thumbnail wp-image-33\" alt=\"Di\u00e9t\u00e9ticienne Nutritionniste sp\u00e9cialis\u00e9e en sant\u00e9 f\u00e9minine pr\u00e9vention cardiovasculaire\" \/>\t\t\t\t\t\t\t\t\t\t\t\t\t\t\t<\/div>\n\t\t\t\t<div class=\"elementor-element elementor-element-4f49e9a elementor-widget__width-initial elementor-widget elementor-widget-heading\" data-id=\"4f49e9a\" data-element_type=\"widget\" data-e-type=\"widget\" data-widget_type=\"heading.default\">\n\t\t\t\t\t<h2 class=\"elementor-heading-title elementor-size-default\">PREVENTION CARDIOVASCULAIRE<\/h2>\t\t\t\t<\/div>\n\t\t\t\t<div class=\"elementor-element elementor-element-c4db1a0 elementor-widget elementor-widget-text-editor\" data-id=\"c4db1a0\" data-element_type=\"widget\" data-e-type=\"widget\" data-widget_type=\"text-editor.default\">\n\t\t\t\t\t\t\t\t\t<p>Pr\u00e9servez votre sant\u00e9 cardiovasculaire avec une alimentation pr\u00e9ventive personnalis\u00e9e et accessible au quotidien.<\/p>\t\t\t\t\t\t\t\t<\/div>\n\t\t\t\t<\/div>\n\t\t\t\t\t<\/div>\n\t\t\t\t<\/div>\n\t\t<div class=\"elementor-element elementor-element-6895570 e-flex e-con-boxed e-con e-parent\" data-id=\"6895570\" data-element_type=\"container\" data-e-type=\"container\">\n\t\t\t\t\t<div class=\"e-con-inner\">\n\t\t\t\t<div class=\"elementor-element elementor-element-7bc2838 elementor-align-center elementor-widget elementor-widget-button\" data-id=\"7bc2838\" data-element_type=\"widget\" data-e-type=\"widget\" data-widget_type=\"button.default\">\n\t\t\t\t\t\t\t\t\t\t<a class=\"elementor-button elementor-button-link elementor-size-sm\" href=\"https:\/\/www.doctolib.fr\/dieteticien\/le-pin\/corinne-virot\/booking?bookingFunnelSource=external_referral&#038;utm_campaign=website-button&#038;utm_source=corinne-virot-website-button&#038;utm_medium=referral&#038;utm_content=withoutpreview-blue-floating-bottom-right&#038;utm_term=corinne-virot\" target=\"_blank\">\n\t\t\t\t\t\t<span class=\"elementor-button-content-wrapper\">\n\t\t\t\t\t\t\t\t\t<span class=\"elementor-button-text\">Prendre RDV<\/span>\n\t\t\t\t\t<\/span>\n\t\t\t\t\t<\/a>\n\t\t\t\t\t\t\t\t<\/div>\n\t\t\t\t\t<\/div>\n\t\t\t\t<\/div>\n\t\t<div class=\"elementor-element elementor-element-2e66573 e-flex e-con-boxed e-con e-parent\" data-id=\"2e66573\" data-element_type=\"container\" data-e-type=\"container\">\n\t\t\t\t\t<div class=\"e-con-inner\">\n\t\t\t\t\t<\/div>\n\t\t\t\t<\/div>\n\t\t\t\t<\/div>\n\t\t","protected":false},"excerpt":{"rendered":"<p>CONSTRUISONS ENSEMBLE UNE ALIMENTATION QUI VOUS RESSEMBLE Construisons ensemble Une alimentations qui vous ressemble\u00a0 Corinne VIROT &#8211; Di\u00e9t\u00e9ticienne Nutritionniste Passionn\u00e9e par la cuisine depuis toujours, je me suis progressivement int\u00e9ress\u00e9e \u00e0 l\u2019aspect sant\u00e9 de ce que nous mettons dans nos assiettes. Ce sujet vaste et passionnant m\u2019a conduite, suite \u00e0 une reconversion professionnelle, \u00e0 en [&hellip;]<\/p>\n","protected":false},"author":1,"featured_media":0,"parent":0,"menu_order":0,"comment_status":"closed","ping_status":"closed","template":"elementor_header_footer","meta":{"om_disable_all_campaigns":false,"_monsterinsights_skip_tracking":false,"_monsterinsights_sitenote_active":false,"_monsterinsights_sitenote_note":"","_monsterinsights_sitenote_category":0,"footnotes":""},"class_list":["post-10","page","type-page","status-publish","hentry","entry"],"aioseo_notices":[],"_links":{"self":[{"href":"https:\/\/corinnediet.fr\/index.php\/wp-json\/wp\/v2\/pages\/10","targetHints":{"allow":["GET"]}}],"collection":[{"href":"https:\/\/corinnediet.fr\/index.php\/wp-json\/wp\/v2\/pages"}],"about":[{"href":"https:\/\/corinnediet.fr\/index.php\/wp-json\/wp\/v2\/types\/page"}],"author":[{"embeddable":true,"href":"https:\/\/corinnediet.fr\/index.php\/wp-json\/wp\/v2\/users\/1"}],"replies":[{"embeddable":true,"href":"https:\/\/corinnediet.fr\/index.php\/wp-json\/wp\/v2\/comments?post=10"}],"version-history":[{"count":232,"href":"https:\/\/corinnediet.fr\/index.php\/wp-json\/wp\/v2\/pages\/10\/revisions"}],"predecessor-version":[{"id":997,"href":"https:\/\/corinnediet.fr\/index.php\/wp-json\/wp\/v2\/pages\/10\/revisions\/997"}],"wp:attachment":[{"href":"https:\/\/corinnediet.fr\/index.php\/wp-json\/wp\/v2\/media?parent=10"}],"curies":[{"name":"wp","href":"https:\/\/api.w.org\/{rel}","templated":true}]}}