{"id":13,"date":"2025-11-28T12:43:58","date_gmt":"2025-11-28T12:43:58","guid":{"rendered":"https:\/\/corinnediet.fr\/?page_id=13"},"modified":"2026-02-25T15:25:16","modified_gmt":"2026-02-25T15:25:16","slug":"consultations-visio","status":"publish","type":"page","link":"https:\/\/corinnediet.fr\/index.php\/consultations-visio\/","title":{"rendered":"Consultations di\u00e9t\u00e9tiques"},"content":{"rendered":"\t\t<div data-elementor-type=\"wp-page\" data-elementor-id=\"13\" class=\"elementor elementor-13\">\n\t\t\t\t<div class=\"elementor-element elementor-element-cee039f e-flex e-con-boxed e-con e-parent\" data-id=\"cee039f\" data-element_type=\"container\" data-e-type=\"container\">\n\t\t\t\t\t<div class=\"e-con-inner\">\n\t\t\t\t<div class=\"elementor-element elementor-element-9ac276b elementor-widget elementor-widget-heading\" data-id=\"9ac276b\" data-element_type=\"widget\" data-e-type=\"widget\" data-widget_type=\"heading.default\">\n\t\t\t\t\t<h1 class=\"elementor-heading-title elementor-size-default\"><br>Le d\u00e9roulement de mes consultations di\u00e9t\u00e9tiques<br><\/h1>\t\t\t\t<\/div>\n\t\t\t\t\t<\/div>\n\t\t\t\t<\/div>\n\t\t<div class=\"elementor-element elementor-element-b2e0488 e-flex e-con-boxed e-con e-parent\" data-id=\"b2e0488\" data-element_type=\"container\" data-e-type=\"container\">\n\t\t\t\t\t<div class=\"e-con-inner\">\n\t\t<div class=\"elementor-element elementor-element-fc03aa6 e-con-full e-flex e-con e-child\" data-id=\"fc03aa6\" data-element_type=\"container\" data-e-type=\"container\">\n\t\t\t\t<div class=\"elementor-element elementor-element-d824092 elementor-widget elementor-widget-text-editor\" data-id=\"d824092\" data-element_type=\"widget\" data-e-type=\"widget\" data-widget_type=\"text-editor.default\">\n\t\t\t\t\t\t\t\t\t<h3 class=\"wp-block-heading\">\u00a0<\/h3>\n<h3 class=\"wp-block-heading\">1\u00e8re consultation &#8211;\u00a0 Dur\u00e9e 1 heure-1h15<\/h3>\n<h3>50 Euros<\/h3>\n<p>Lors de la 1\u00e8re rencontre, je prends le temps de vous \u00e9couter pour comprendre vos besoins, vos attentes et votre histoire personnelle. Ensemble, nous parcourons diff\u00e9rents th\u00e8mes concernant votre alimentation, votre hygi\u00e8ne de vie, etc. Selon vos besoins, nous d\u00e9finissons ensemble vos prochains objectifs.\u00a0<\/p>\t\t\t\t\t\t\t\t<\/div>\n\t\t\t\t<\/div>\n\t\t<div class=\"elementor-element elementor-element-a6e7330 e-con-full e-flex e-con e-child\" data-id=\"a6e7330\" data-element_type=\"container\" data-e-type=\"container\">\n\t\t\t\t<div class=\"elementor-element elementor-element-8b89b5e elementor-widget elementor-widget-text-editor\" data-id=\"8b89b5e\" data-element_type=\"widget\" data-e-type=\"widget\" data-widget_type=\"text-editor.default\">\n\t\t\t\t\t\t\t\t\t<h3>\u00a0<\/h3>\n<h3 class=\"wp-block-heading\">Consultation de suivi &#8211;\u00a0 Dur\u00e9e +\/- 45min<\/h3>\n<h3>40 euros\u00a0<\/h3>\n<div><span style=\"font-size: 17px;\">Les consultations de suivi s&rsquo;espacent selon la fr\u00e9quence que vous d\u00e9sirez ou dont vous avez besoin. Nous voyons ensemble vos objectifs et nous aborderons un th\u00e8me diff\u00e9rent \u00e0 chaque consultation. Cette approche th\u00e9matique a pour but d&rsquo;apporter de nouvelles habitudes sur du long terme.<\/span><\/div>\t\t\t\t\t\t\t\t<\/div>\n\t\t\t\t<\/div>\n\t\t\t\t\t<\/div>\n\t\t\t\t<\/div>\n\t\t<div class=\"elementor-element elementor-element-5db0b8f e-flex e-con-boxed e-con e-parent\" data-id=\"5db0b8f\" data-element_type=\"container\" data-e-type=\"container\">\n\t\t\t\t\t<div class=\"e-con-inner\">\n\t\t<div class=\"elementor-element elementor-element-801bffa e-con-full e-flex e-con e-child\" data-id=\"801bffa\" data-element_type=\"container\" data-e-type=\"container\">\n\t\t\t\t<div class=\"elementor-element elementor-element-23b9545 elementor-widget elementor-widget-image\" data-id=\"23b9545\" data-element_type=\"widget\" data-e-type=\"widget\" data-widget_type=\"image.default\">\n\t\t\t\t\t\t\t\t\t\t\t\t\t\t\t<img fetchpriority=\"high\" decoding=\"async\" width=\"1024\" height=\"683\" src=\"https:\/\/corinnediet.fr\/wp-content\/uploads\/2026\/02\/content2-1024x683.png\" class=\"attachment-large size-large wp-image-1027\" alt=\"Di\u00e9t\u00e9ticienne Nutritionniste sp\u00e9cialis\u00e9e en sant\u00e9 f\u00e9minine activit\u00e9 ludique\" srcset=\"https:\/\/corinnediet.fr\/wp-content\/uploads\/2026\/02\/content2-1024x683.png 1024w, https:\/\/corinnediet.fr\/wp-content\/uploads\/2026\/02\/content2-300x200.png 300w, https:\/\/corinnediet.fr\/wp-content\/uploads\/2026\/02\/content2-768x512.png 768w, https:\/\/corinnediet.fr\/wp-content\/uploads\/2026\/02\/content2.png 1536w\" sizes=\"(max-width: 1024px) 100vw, 1024px\" \/>\t\t\t\t\t\t\t\t\t\t\t\t\t\t\t<\/div>\n\t\t\t\t<\/div>\n\t\t<div class=\"elementor-element elementor-element-8a70db3 e-con-full e-flex e-con e-child\" data-id=\"8a70db3\" data-element_type=\"container\" data-e-type=\"container\">\n\t\t\t\t<div class=\"elementor-element elementor-element-dfa7bf2 elementor-widget elementor-widget-image\" data-id=\"dfa7bf2\" data-element_type=\"widget\" data-e-type=\"widget\" data-widget_type=\"image.default\">\n\t\t\t\t\t\t\t\t\t\t\t\t\t\t\t<img decoding=\"async\" width=\"1024\" height=\"683\" src=\"https:\/\/corinnediet.fr\/wp-content\/uploads\/2026\/02\/content1-1024x683.png\" class=\"attachment-large size-large wp-image-1026\" alt=\"Di\u00e9t\u00e9ticienne Nutritionniste sp\u00e9cialis\u00e9e en sant\u00e9 f\u00e9minine travail d&#039;\u00e9quipe\" srcset=\"https:\/\/corinnediet.fr\/wp-content\/uploads\/2026\/02\/content1-1024x683.png 1024w, https:\/\/corinnediet.fr\/wp-content\/uploads\/2026\/02\/content1-300x200.png 300w, https:\/\/corinnediet.fr\/wp-content\/uploads\/2026\/02\/content1-768x512.png 768w, https:\/\/corinnediet.fr\/wp-content\/uploads\/2026\/02\/content1.png 1536w\" sizes=\"(max-width: 1024px) 100vw, 1024px\" \/>\t\t\t\t\t\t\t\t\t\t\t\t\t\t\t<\/div>\n\t\t\t\t<\/div>\n\t\t<div class=\"elementor-element elementor-element-d5c1e49 e-con-full e-flex e-con e-child\" data-id=\"d5c1e49\" data-element_type=\"container\" data-e-type=\"container\">\n\t\t\t\t<div class=\"elementor-element elementor-element-20364eb elementor-widget elementor-widget-image\" data-id=\"20364eb\" data-element_type=\"widget\" data-e-type=\"widget\" data-widget_type=\"image.default\">\n\t\t\t\t\t\t\t\t\t\t\t\t\t\t\t<img decoding=\"async\" width=\"1024\" height=\"683\" src=\"https:\/\/corinnediet.fr\/wp-content\/uploads\/2026\/02\/content3-1024x683.png\" class=\"attachment-large size-large wp-image-1034\" alt=\"Di\u00e9t\u00e9ticienne Nutritionniste sp\u00e9cialis\u00e9e en sant\u00e9 f\u00e9minine au quotidien\" srcset=\"https:\/\/corinnediet.fr\/wp-content\/uploads\/2026\/02\/content3-1024x683.png 1024w, https:\/\/corinnediet.fr\/wp-content\/uploads\/2026\/02\/content3-300x200.png 300w, https:\/\/corinnediet.fr\/wp-content\/uploads\/2026\/02\/content3-768x512.png 768w, https:\/\/corinnediet.fr\/wp-content\/uploads\/2026\/02\/content3.png 1536w\" sizes=\"(max-width: 1024px) 100vw, 1024px\" \/>\t\t\t\t\t\t\t\t\t\t\t\t\t\t\t<\/div>\n\t\t\t\t<\/div>\n\t\t<div class=\"elementor-element elementor-element-dfda3fd e-con-full e-flex e-con e-child\" data-id=\"dfda3fd\" data-element_type=\"container\" data-e-type=\"container\">\n\t\t\t\t<div class=\"elementor-element elementor-element-40d76c1 elementor-widget elementor-widget-text-editor\" data-id=\"40d76c1\" data-element_type=\"widget\" data-e-type=\"widget\" data-widget_type=\"text-editor.default\">\n\t\t\t\t\t\t\t\t\t<p>Des jeux, des exercices, des discussions, permettront de comprendre le fonctionnement de votre corps.<\/p>\t\t\t\t\t\t\t\t<\/div>\n\t\t\t\t<\/div>\n\t\t<div class=\"elementor-element elementor-element-295b544 e-con-full e-flex e-con e-child\" data-id=\"295b544\" data-element_type=\"container\" data-e-type=\"container\">\n\t\t\t\t<div class=\"elementor-element elementor-element-6244e3a elementor-widget elementor-widget-text-editor\" data-id=\"6244e3a\" data-element_type=\"widget\" data-e-type=\"widget\" data-widget_type=\"text-editor.default\">\n\t\t\t\t\t\t\t\t\t<p>Ensemble, nous trouvons des solutions qui vous conviennent. <span style=\"font-size: 14px;\">Selon vos besoins et vos pr\u00e9f\u00e9rences, Nous construisons votre nouvelle alimentation.<\/span><\/p>\t\t\t\t\t\t\t\t<\/div>\n\t\t\t\t<\/div>\n\t\t<div class=\"elementor-element elementor-element-7c1198e e-con-full e-flex e-con e-child\" data-id=\"7c1198e\" data-element_type=\"container\" data-e-type=\"container\">\n\t\t\t\t<div class=\"elementor-element elementor-element-febb945 elementor-widget elementor-widget-text-editor\" data-id=\"febb945\" data-element_type=\"widget\" data-e-type=\"widget\" data-widget_type=\"text-editor.default\">\n\t\t\t\t\t\t\t\t\t<p>Gr\u00e2ce \u00e0 l&rsquo;application Ma diet en ligne, je vous donne des id\u00e9es de recettes, des encouragements et des trucs et astuces pour l&rsquo;organiser au quotidien.<\/p>\t\t\t\t\t\t\t\t<\/div>\n\t\t\t\t<\/div>\n\t\t\t\t\t<\/div>\n\t\t\t\t<\/div>\n\t\t<div class=\"elementor-element elementor-element-3e61763 e-flex e-con-boxed e-con e-parent\" data-id=\"3e61763\" data-element_type=\"container\" data-e-type=\"container\">\n\t\t\t\t\t<div class=\"e-con-inner\">\n\t\t<div class=\"elementor-element elementor-element-14d5261 e-con-full e-flex e-con e-child\" data-id=\"14d5261\" data-element_type=\"container\" data-e-type=\"container\">\n\t\t\t\t<div class=\"elementor-element elementor-element-f5ad6ee elementor-widget elementor-widget-heading\" data-id=\"f5ad6ee\" data-element_type=\"widget\" data-e-type=\"widget\" data-widget_type=\"heading.default\">\n\t\t\t\t\t<h3 class=\"elementor-heading-title elementor-size-default\">La t\u00e9l\u00e9consultation, comment \u00e7a fonctionne...<\/h3>\t\t\t\t<\/div>\n\t\t<div class=\"elementor-element elementor-element-0f869d6 e-con-full e-flex e-con e-child\" data-id=\"0f869d6\" data-element_type=\"container\" data-e-type=\"container\">\n\t\t\t\t<div class=\"elementor-element elementor-element-ebcae53 elementor-widget elementor-widget-text-editor\" data-id=\"ebcae53\" data-element_type=\"widget\" data-e-type=\"widget\" data-widget_type=\"text-editor.default\">\n\t\t\t\t\t\t\t\t\t<p>Le principe est simple :\u00a0<span style=\"font-family: Roboto, sans-serif; font-size: 14px; font-style: normal; font-variant-ligatures: normal; font-variant-caps: normal; font-weight: 400;\">La t\u00e9l\u00e9consultation est une consultation \u00e0 distance, par visio-conf\u00e9rence.\u00a0<\/span><\/p>\n<p><span style=\"font-size: 14px;\">La diff\u00e9rence avec les consultations au cabinet ? aucune, si ce n&rsquo;est la prise de mesure. Mais je suis s\u00fbre qu&rsquo;\u00e0 la maison vous avez une balance ou un m\u00e8tre-ruban. Et si ce n&rsquo;est pas le cas, pas de panique, tout cela n&rsquo;est pas essentiel ! <\/span><\/p>\n<p><span style=\"font-size: 14px;\">Le contenu des consultations est exactement le m\u00eame qu&rsquo;au cabinet de m\u00eame que tous les outils mis \u00e0 disposition (application mobile, ateliers nutritionnels&#8230;). <\/span><\/p>\n<p><span style=\"font-size: 14px;\">Il vous suffit juste d&rsquo;avoir un ordinateur ou un smartphone et une connexion internet.\u00a0<\/span><\/p>\n<p><span style=\"font-family: Roboto, sans-serif; font-size: 14px; font-style: normal; font-variant-ligatures: normal; font-variant-caps: normal; font-weight: 400;\">Les t\u00e9l\u00e9consultations s&rsquo;effectuent par le site <strong><em>madietenligne.fr<\/em><\/strong>, un site s\u00e9curis\u00e9 sp\u00e9cialement con\u00e7u pour les consultations de nutrition. Suite \u00e0 la prise de rendez-vous par doctolib, je vous enverrai un lien pour acc\u00e9der \u00e0 la t\u00e9l\u00e9consultation<\/span><span style=\"font-size: 14px;\">, que vous recevrez quelques minutes avant la consultation. C\u00f4t\u00e9 r\u00e9glement, celui-ci sera \u00e0 effectuer par virement bancaire pour qu&rsquo;il puisse \u00eatre r\u00e9ceptionn\u00e9 24<\/span><span style=\"font-size: 14px;\">h avant le RDV au plus tard.<\/span><\/p>\t\t\t\t\t\t\t\t<\/div>\n\t\t\t\t<\/div>\n\t\t\t\t<\/div>\n\t\t<div class=\"elementor-element elementor-element-acf2de6 e-con-full e-flex e-con e-child\" data-id=\"acf2de6\" data-element_type=\"container\" data-e-type=\"container\">\n\t\t\t\t<div class=\"elementor-element elementor-element-82a4a27 elementor-widget__width-inherit elementor-widget elementor-widget-image\" data-id=\"82a4a27\" data-element_type=\"widget\" data-e-type=\"widget\" data-widget_type=\"image.default\">\n\t\t\t\t\t\t\t\t\t\t\t\t\t\t\t<img loading=\"lazy\" decoding=\"async\" width=\"1024\" height=\"683\" src=\"https:\/\/corinnediet.fr\/wp-content\/uploads\/2026\/02\/content-1024x683.png\" class=\"attachment-large size-large wp-image-1018\" alt=\"Di\u00e9t\u00e9ticienne Nutritionniste sp\u00e9cialis\u00e9e en sant\u00e9 f\u00e9minine t\u00e9l\u00e9consultation\" srcset=\"https:\/\/corinnediet.fr\/wp-content\/uploads\/2026\/02\/content-1024x683.png 1024w, https:\/\/corinnediet.fr\/wp-content\/uploads\/2026\/02\/content-300x200.png 300w, https:\/\/corinnediet.fr\/wp-content\/uploads\/2026\/02\/content-768x512.png 768w, https:\/\/corinnediet.fr\/wp-content\/uploads\/2026\/02\/content.png 1536w\" sizes=\"(max-width: 1024px) 100vw, 1024px\" \/>\t\t\t\t\t\t\t\t\t\t\t\t\t\t\t<\/div>\n\t\t\t\t<\/div>\n\t\t\t\t\t<\/div>\n\t\t\t\t<\/div>\n\t\t<div class=\"elementor-element elementor-element-c73e4ee e-flex e-con-boxed e-con e-parent\" data-id=\"c73e4ee\" data-element_type=\"container\" data-e-type=\"container\">\n\t\t\t\t\t<div class=\"e-con-inner\">\n\t\t\t\t<div class=\"elementor-element elementor-element-2193826 elementor-widget elementor-widget-button\" data-id=\"2193826\" data-element_type=\"widget\" data-e-type=\"widget\" data-widget_type=\"button.default\">\n\t\t\t\t\t\t\t\t\t\t<a class=\"elementor-button elementor-button-link elementor-size-sm\" href=\"https:\/\/www.doctolib.fr\/dieteticien\/le-pin\/corinne-virot\/booking?bookingFunnelSource=external_referral&#038;utm_campaign=website-button&#038;utm_source=corinne-virot-website-button&#038;utm_medium=referral&#038;utm_content=withoutpreview-blue-floating-bottom-right&#038;utm_term=corinne-virot\" target=\"_blank\">\n\t\t\t\t\t\t<span class=\"elementor-button-content-wrapper\">\n\t\t\t\t\t\t\t\t\t<span class=\"elementor-button-text\">Prendre RDV<\/span>\n\t\t\t\t\t<\/span>\n\t\t\t\t\t<\/a>\n\t\t\t\t\t\t\t\t<\/div>\n\t\t\t\t\t<\/div>\n\t\t\t\t<\/div>\n\t\t<div class=\"elementor-element elementor-element-caa81a5 e-flex e-con-boxed e-con e-parent\" data-id=\"caa81a5\" data-element_type=\"container\" data-e-type=\"container\">\n\t\t\t\t\t<div class=\"e-con-inner\">\n\t\t<div class=\"elementor-element elementor-element-e359243 e-con-full e-flex e-con e-child\" data-id=\"e359243\" data-element_type=\"container\" data-e-type=\"container\">\n\t\t\t\t<div class=\"elementor-element elementor-element-8224d76 elementor-widget__width-initial elementor-widget elementor-widget-image\" data-id=\"8224d76\" data-element_type=\"widget\" data-e-type=\"widget\" data-widget_type=\"image.default\">\n\t\t\t\t\t\t\t\t\t\t\t\t\t\t\t<img loading=\"lazy\" decoding=\"async\" width=\"653\" height=\"1024\" src=\"https:\/\/corinnediet.fr\/wp-content\/uploads\/2025\/12\/diet_ligne-653x1024.jpg\" class=\"attachment-large size-large wp-image-526\" alt=\"\" srcset=\"https:\/\/corinnediet.fr\/wp-content\/uploads\/2025\/12\/diet_ligne-653x1024.jpg 653w, https:\/\/corinnediet.fr\/wp-content\/uploads\/2025\/12\/diet_ligne-191x300.jpg 191w, https:\/\/corinnediet.fr\/wp-content\/uploads\/2025\/12\/diet_ligne-768x1205.jpg 768w, https:\/\/corinnediet.fr\/wp-content\/uploads\/2025\/12\/diet_ligne.jpg 960w\" sizes=\"(max-width: 653px) 100vw, 653px\" \/>\t\t\t\t\t\t\t\t\t\t\t\t\t\t\t<\/div>\n\t\t\t\t<\/div>\n\t\t<div class=\"elementor-element elementor-element-2286aa1 e-con-full e-flex e-con e-child\" data-id=\"2286aa1\" data-element_type=\"container\" data-e-type=\"container\">\n\t\t\t\t<div class=\"elementor-element elementor-element-f4a8ddb elementor-widget elementor-widget-text-editor\" data-id=\"f4a8ddb\" data-element_type=\"widget\" data-e-type=\"widget\" data-widget_type=\"text-editor.default\">\n\t\t\t\t\t\t\t\t\t<h2 class=\"wp-block-heading\">Madietenligne<\/h2>\n<p>Pour suivre les objectifs que nous aurons fix\u00e9s ensemble, nous utiliserons, si vous le souhaitez, l\u2019application Ma diet en ligne afin de faciliter le suivi et la communication tout au long de votre accompagnement.<\/p>\n<p>Cette application vous donne acc\u00e8s \u00e0 une messagerie s\u00e9curis\u00e9e via laquelle nous pourrons \u00e9changer entre les rendez-vous.\u00a0<\/p>\n<p>Elle permet \u00e9galement de remplir un journal alimentaire. Cela fait partie des exercices que nous pourrons \u00eatre amen\u00e9s \u00e0 mettre en place ensemble. Le but n\u2019est pas de surveiller tout ce que vous mangez mais plut\u00f4t de vous permettre de prendre conscience de votre \u00e9volution tout en facilitant votre quotidien<\/p>\t\t\t\t\t\t\t\t<\/div>\n\t\t\t\t<\/div>\n\t\t\t\t\t<\/div>\n\t\t\t\t<\/div>\n\t\t\t\t<\/div>\n\t\t","protected":false},"excerpt":{"rendered":"<p>Le d\u00e9roulement de mes consultations di\u00e9t\u00e9tiques \u00a0 1\u00e8re consultation &#8211;\u00a0 Dur\u00e9e 1 heure-1h15 50 Euros Lors de la 1\u00e8re rencontre, je prends le temps de vous \u00e9couter pour comprendre vos besoins, vos attentes et votre histoire personnelle. Ensemble, nous parcourons diff\u00e9rents th\u00e8mes concernant votre alimentation, votre hygi\u00e8ne de vie, etc. Selon vos besoins, nous d\u00e9finissons [&hellip;]<\/p>\n","protected":false},"author":1,"featured_media":0,"parent":0,"menu_order":0,"comment_status":"closed","ping_status":"closed","template":"elementor_header_footer","meta":{"om_disable_all_campaigns":false,"_monsterinsights_skip_tracking":false,"_monsterinsights_sitenote_active":false,"_monsterinsights_sitenote_note":"","_monsterinsights_sitenote_category":0,"footnotes":""},"class_list":["post-13","page","type-page","status-publish","hentry","entry"],"aioseo_notices":[],"_links":{"self":[{"href":"https:\/\/corinnediet.fr\/index.php\/wp-json\/wp\/v2\/pages\/13","targetHints":{"allow":["GET"]}}],"collection":[{"href":"https:\/\/corinnediet.fr\/index.php\/wp-json\/wp\/v2\/pages"}],"about":[{"href":"https:\/\/corinnediet.fr\/index.php\/wp-json\/wp\/v2\/types\/page"}],"author":[{"embeddable":true,"href":"https:\/\/corinnediet.fr\/index.php\/wp-json\/wp\/v2\/users\/1"}],"replies":[{"embeddable":true,"href":"https:\/\/corinnediet.fr\/index.php\/wp-json\/wp\/v2\/comments?post=13"}],"version-history":[{"count":244,"href":"https:\/\/corinnediet.fr\/index.php\/wp-json\/wp\/v2\/pages\/13\/revisions"}],"predecessor-version":[{"id":1049,"href":"https:\/\/corinnediet.fr\/index.php\/wp-json\/wp\/v2\/pages\/13\/revisions\/1049"}],"wp:attachment":[{"href":"https:\/\/corinnediet.fr\/index.php\/wp-json\/wp\/v2\/media?parent=13"}],"curies":[{"name":"wp","href":"https:\/\/api.w.org\/{rel}","templated":true}]}}