{"id":17,"date":"2025-11-28T12:44:16","date_gmt":"2025-11-28T12:44:16","guid":{"rendered":"https:\/\/corinnediet.fr\/?page_id=17"},"modified":"2026-02-25T15:27:13","modified_gmt":"2026-02-25T15:27:13","slug":"mon-approche","status":"publish","type":"page","link":"https:\/\/corinnediet.fr\/index.php\/mon-approche\/","title":{"rendered":"Mon approche"},"content":{"rendered":"\t\t<div data-elementor-type=\"wp-page\" data-elementor-id=\"17\" class=\"elementor elementor-17\">\n\t\t\t\t<div class=\"elementor-element elementor-element-fb9eebb e-flex e-con-boxed e-con e-parent\" data-id=\"fb9eebb\" data-element_type=\"container\" data-e-type=\"container\">\n\t\t\t\t\t<div class=\"e-con-inner\">\n\t\t\t\t<div class=\"elementor-element elementor-element-ab8013f elementor-widget elementor-widget-heading\" data-id=\"ab8013f\" data-element_type=\"widget\" data-e-type=\"widget\" data-widget_type=\"heading.default\">\n\t\t\t\t\t<h2 class=\"elementor-heading-title elementor-size-default\"><br>Mon approche<br><\/h2>\t\t\t\t<\/div>\n\t\t\t\t\t<\/div>\n\t\t\t\t<\/div>\n\t\t<div class=\"elementor-element elementor-element-a3087e3 e-flex e-con-boxed e-con e-parent\" data-id=\"a3087e3\" data-element_type=\"container\" data-e-type=\"container\">\n\t\t\t\t\t<div class=\"e-con-inner\">\n\t\t<div class=\"elementor-element elementor-element-3aca9c3 e-con-full e-flex e-con e-child\" data-id=\"3aca9c3\" data-element_type=\"container\" data-e-type=\"container\">\n\t\t\t\t<div class=\"elementor-element elementor-element-2ee4870 elementor-widget__width-initial elementor-widget elementor-widget-image\" data-id=\"2ee4870\" data-element_type=\"widget\" data-e-type=\"widget\" data-widget_type=\"image.default\">\n\t\t\t\t\t\t\t\t\t\t\t\t\t\t\t<img fetchpriority=\"high\" decoding=\"async\" width=\"291\" height=\"198\" src=\"https:\/\/corinnediet.fr\/wp-content\/uploads\/2025\/12\/image-11.png\" class=\"attachment-large size-large wp-image-91\" alt=\"\" \/>\t\t\t\t\t\t\t\t\t\t\t\t\t\t\t<\/div>\n\t\t\t\t<\/div>\n\t\t<div class=\"elementor-element elementor-element-6638e1f e-con-full e-flex e-con e-child\" data-id=\"6638e1f\" data-element_type=\"container\" data-e-type=\"container\">\n\t\t\t\t<div class=\"elementor-element elementor-element-f4305c2 elementor-widget elementor-widget-heading\" data-id=\"f4305c2\" data-element_type=\"widget\" data-e-type=\"widget\" data-widget_type=\"heading.default\">\n\t\t\t\t\t<h3 class=\"elementor-heading-title elementor-size-default\">CONSULTATIONS<\/h3>\t\t\t\t<\/div>\n\t\t\t\t<div class=\"elementor-element elementor-element-db612fd elementor-widget elementor-widget-text-editor\" data-id=\"db612fd\" data-element_type=\"widget\" data-e-type=\"widget\" data-widget_type=\"text-editor.default\">\n\t\t\t\t\t\t\t\t\t<p>La prise en charge di\u00e9t\u00e9tique a pour objectif de vous accompagner vers de nouvelles habitudes alimentaires, tout en int\u00e9grant un mode de vie sain et adapt\u00e9 \u00e0 votre quotidien.<br \/>Lors de chaque consultation, vous b\u00e9n\u00e9ficiez de conseils nutritionnels personnalis\u00e9s, construits selon vos go\u00fbts, vos pr\u00e9f\u00e9rences et vos besoins. Pas de plans alimentaires, pas de restrictions inutiles : je vous propose des outils concrets et des activit\u00e9s ludiques pour comprendre le fonctionnement de votre corps et vous aider \u00e0 instaurer des changements durables.<\/p>\t\t\t\t\t\t\t\t<\/div>\n\t\t\t\t<\/div>\n\t\t\t\t\t<\/div>\n\t\t\t\t<\/div>\n\t\t<div class=\"elementor-element elementor-element-a2f4a1f e-flex e-con-boxed e-con e-parent\" data-id=\"a2f4a1f\" data-element_type=\"container\" data-e-type=\"container\">\n\t\t\t\t\t<div class=\"e-con-inner\">\n\t\t<div class=\"elementor-element elementor-element-796f460 e-con-full e-flex e-con e-child\" data-id=\"796f460\" data-element_type=\"container\" data-e-type=\"container\">\n\t\t\t\t<div class=\"elementor-element elementor-element-9eb2888 elementor-widget__width-initial elementor-widget elementor-widget-image\" data-id=\"9eb2888\" data-element_type=\"widget\" data-e-type=\"widget\" data-widget_type=\"image.default\">\n\t\t\t\t\t\t\t\t\t\t\t\t\t\t\t<img decoding=\"async\" width=\"2000\" height=\"1198\" src=\"https:\/\/corinnediet.fr\/wp-content\/uploads\/2026\/02\/cropped-image-12.png\" class=\"attachment-full size-full wp-image-978\" alt=\"Di\u00e9t\u00e9ticienne Nutritionniste sp\u00e9cialis\u00e9e en sant\u00e9 f\u00e9minine c\u0153ur fruits\" srcset=\"https:\/\/corinnediet.fr\/wp-content\/uploads\/2026\/02\/cropped-image-12.png 2000w, https:\/\/corinnediet.fr\/wp-content\/uploads\/2026\/02\/cropped-image-12-300x180.png 300w\" sizes=\"(max-width: 2000px) 100vw, 2000px\" \/>\t\t\t\t\t\t\t\t\t\t\t\t\t\t\t<\/div>\n\t\t\t\t<\/div>\n\t\t<div class=\"elementor-element elementor-element-a6828e8 e-con-full e-flex e-con e-child\" data-id=\"a6828e8\" data-element_type=\"container\" data-e-type=\"container\">\n\t\t\t\t<div class=\"elementor-element elementor-element-016543a elementor-widget elementor-widget-heading\" data-id=\"016543a\" data-element_type=\"widget\" data-e-type=\"widget\" data-widget_type=\"heading.default\">\n\t\t\t\t\t<h3 class=\"elementor-heading-title elementor-size-default\">L'ALIMENTATION AU COEUR DE VOTRE SANTE<\/h3>\t\t\t\t<\/div>\n\t\t\t\t<div class=\"elementor-element elementor-element-daebae4 elementor-widget elementor-widget-text-editor\" data-id=\"daebae4\" data-element_type=\"widget\" data-e-type=\"widget\" data-widget_type=\"text-editor.default\">\n\t\t\t\t\t\t\t\t\t<p>La di\u00e9t\u00e9tique a longtemps \u00e9t\u00e9 associ\u00e9e \u00e0 l\u2019id\u00e9e de privation, de r\u00e9gimes stricts et de contraintes.<\/p><p>Aujourd\u2019hui, cette vision a bien \u00e9volu\u00e9e. Elle repose sur une approche plus respectueuse du corps, plus r\u00e9aliste et durable. Il ne s\u2019agit plus de se priver, mais d\u2019apprendre \u00e0 nourrir son organisme selon ses besoins pour optimiser son fonctionnement, pr\u00e9server sa sant\u00e9, et comprendre ce qui soutient notre sant\u00e9. C&rsquo; est la base d\u2019une prise en charge efficace et p\u00e9renne.<\/p>\t\t\t\t\t\t\t\t<\/div>\n\t\t\t\t<\/div>\n\t\t\t\t\t<\/div>\n\t\t\t\t<\/div>\n\t\t<div class=\"elementor-element elementor-element-d361a28 e-flex e-con-boxed e-con e-parent\" data-id=\"d361a28\" data-element_type=\"container\" data-e-type=\"container\">\n\t\t\t\t\t<div class=\"e-con-inner\">\n\t\t<div class=\"elementor-element elementor-element-1afa559 e-con-full e-flex e-con e-child\" data-id=\"1afa559\" data-element_type=\"container\" data-e-type=\"container\">\n\t\t\t\t<div class=\"elementor-element elementor-element-96f4d8b elementor-widget__width-initial elementor-widget elementor-widget-image\" data-id=\"96f4d8b\" data-element_type=\"widget\" data-e-type=\"widget\" data-widget_type=\"image.default\">\n\t\t\t\t\t\t\t\t\t\t\t\t\t\t\t<img decoding=\"async\" width=\"300\" height=\"194\" src=\"https:\/\/corinnediet.fr\/wp-content\/uploads\/2025\/12\/image-13.png\" class=\"attachment-full size-full wp-image-94\" alt=\"Di\u00e9t\u00e9ticienne Nutritionniste sp\u00e9cialis\u00e9e en sant\u00e9 f\u00e9minine approche bienveillante et personalisee\" \/>\t\t\t\t\t\t\t\t\t\t\t\t\t\t\t<\/div>\n\t\t\t\t<\/div>\n\t\t<div class=\"elementor-element elementor-element-b5e4687 e-con-full e-flex e-con e-child\" data-id=\"b5e4687\" data-element_type=\"container\" data-e-type=\"container\">\n\t\t\t\t<div class=\"elementor-element elementor-element-1a50de7 elementor-widget elementor-widget-heading\" data-id=\"1a50de7\" data-element_type=\"widget\" data-e-type=\"widget\" data-widget_type=\"heading.default\">\n\t\t\t\t\t<h3 class=\"elementor-heading-title elementor-size-default\">UNE APPROCHE BIENVEILLANTE ET PERSONNALISEE<\/h3>\t\t\t\t<\/div>\n\t\t\t\t<div class=\"elementor-element elementor-element-20ab111 elementor-widget elementor-widget-text-editor\" data-id=\"20ab111\" data-element_type=\"widget\" data-e-type=\"widget\" data-widget_type=\"text-editor.default\">\n\t\t\t\t\t\t\t\t\t<p>Mon approche se base sur l\u2019\u00e9ducation alimentaire et un accompagnement sur mesure. Nous progresserons \u00e0 votre rythme, en prenant en compte vos habitudes, votre mode de vie et vos pr\u00e9f\u00e9rences alimentaires.<\/p><p>Ensemble, nous d\u00e9finirons des objectifs r\u00e9alistes et les mettrons en pratique au fil de nos consultations. L\u2019objectif est que vous retrouviez un bien-\u00eatre complet, tant sur le plan physique que mental.<\/p>\t\t\t\t\t\t\t\t<\/div>\n\t\t\t\t<\/div>\n\t\t\t\t\t<\/div>\n\t\t\t\t<\/div>\n\t\t<div class=\"elementor-element elementor-element-ea9883d e-flex e-con-boxed e-con e-parent\" data-id=\"ea9883d\" data-element_type=\"container\" data-e-type=\"container\">\n\t\t\t\t\t<div class=\"e-con-inner\">\n\t\t\t\t<div class=\"elementor-element elementor-element-1d6e198 elementor-align-center elementor-widget elementor-widget-button\" data-id=\"1d6e198\" data-element_type=\"widget\" data-e-type=\"widget\" data-widget_type=\"button.default\">\n\t\t\t\t\t\t\t\t\t\t<a class=\"elementor-button elementor-button-link elementor-size-sm\" href=\"https:\/\/www.doctolib.fr\/dieteticien\/le-pin\/corinne-virot\/booking?bookingFunnelSource=external_referral&#038;utm_campaign=website-button&#038;utm_source=corinne-virot-website-button&#038;utm_medium=referral&#038;utm_content=withoutpreview-blue-floating-bottom-right&#038;utm_term=corinne-virot\" target=\"_blank\">\n\t\t\t\t\t\t<span class=\"elementor-button-content-wrapper\">\n\t\t\t\t\t\t\t\t\t<span class=\"elementor-button-text\">Prendre RDV<\/span>\n\t\t\t\t\t<\/span>\n\t\t\t\t\t<\/a>\n\t\t\t\t\t\t\t\t<\/div>\n\t\t\t\t\t<\/div>\n\t\t\t\t<\/div>\n\t\t<div class=\"elementor-element elementor-element-d646698 e-flex e-con-boxed e-con e-parent\" data-id=\"d646698\" data-element_type=\"container\" data-e-type=\"container\">\n\t\t\t\t\t<div class=\"e-con-inner\">\n\t\t\t\t<div class=\"elementor-element elementor-element-10061b3 elementor-widget elementor-widget-spacer\" data-id=\"10061b3\" data-element_type=\"widget\" data-e-type=\"widget\" data-widget_type=\"spacer.default\">\n\t\t\t\t\t\t\t<div class=\"elementor-spacer\">\n\t\t\t<div class=\"elementor-spacer-inner\"><\/div>\n\t\t<\/div>\n\t\t\t\t\t\t<\/div>\n\t\t\t\t\t<\/div>\n\t\t\t\t<\/div>\n\t\t\t\t<\/div>\n\t\t","protected":false},"excerpt":{"rendered":"<p>Mon approche CONSULTATIONS La prise en charge di\u00e9t\u00e9tique a pour objectif de vous accompagner vers de nouvelles habitudes alimentaires, tout en int\u00e9grant un mode de vie sain et adapt\u00e9 \u00e0 votre quotidien.Lors de chaque consultation, vous b\u00e9n\u00e9ficiez de conseils nutritionnels personnalis\u00e9s, construits selon vos go\u00fbts, vos pr\u00e9f\u00e9rences et vos besoins. Pas de plans alimentaires, pas [&hellip;]<\/p>\n","protected":false},"author":1,"featured_media":0,"parent":0,"menu_order":0,"comment_status":"closed","ping_status":"closed","template":"elementor_header_footer","meta":{"om_disable_all_campaigns":false,"_monsterinsights_skip_tracking":false,"_monsterinsights_sitenote_active":false,"_monsterinsights_sitenote_note":"","_monsterinsights_sitenote_category":0,"footnotes":""},"class_list":["post-17","page","type-page","status-publish","hentry","entry"],"aioseo_notices":[],"_links":{"self":[{"href":"https:\/\/corinnediet.fr\/index.php\/wp-json\/wp\/v2\/pages\/17","targetHints":{"allow":["GET"]}}],"collection":[{"href":"https:\/\/corinnediet.fr\/index.php\/wp-json\/wp\/v2\/pages"}],"about":[{"href":"https:\/\/corinnediet.fr\/index.php\/wp-json\/wp\/v2\/types\/page"}],"author":[{"embeddable":true,"href":"https:\/\/corinnediet.fr\/index.php\/wp-json\/wp\/v2\/users\/1"}],"replies":[{"embeddable":true,"href":"https:\/\/corinnediet.fr\/index.php\/wp-json\/wp\/v2\/comments?post=17"}],"version-history":[{"count":129,"href":"https:\/\/corinnediet.fr\/index.php\/wp-json\/wp\/v2\/pages\/17\/revisions"}],"predecessor-version":[{"id":1055,"href":"https:\/\/corinnediet.fr\/index.php\/wp-json\/wp\/v2\/pages\/17\/revisions\/1055"}],"wp:attachment":[{"href":"https:\/\/corinnediet.fr\/index.php\/wp-json\/wp\/v2\/media?parent=17"}],"curies":[{"name":"wp","href":"https:\/\/api.w.org\/{rel}","templated":true}]}}